{"id":1947,"date":"2020-07-02T11:52:10","date_gmt":"2020-07-02T11:52:10","guid":{"rendered":"http:\/\/www.tamaramilville.fr\/home\/?page_id=1947"},"modified":"2020-08-19T16:18:28","modified_gmt":"2020-08-19T16:18:28","slug":"qui-suis-je","status":"publish","type":"page","link":"https:\/\/www.tamaramilville.fr\/index.php\/qui-suis-je\/","title":{"rendered":"Qui suis-je ?"},"content":{"rendered":"\t\t<div data-elementor-type=\"wp-page\" data-elementor-id=\"1947\" class=\"elementor elementor-1947\" data-elementor-settings=\"[]\">\n\t\t\t\t\t\t<div class=\"elementor-inner\">\n\t\t\t\t\t\t\t<div class=\"elementor-section-wrap\">\n\t\t\t\t\t\t\t<section class=\"elementor-section elementor-top-section elementor-element elementor-element-bafe242 elementor-section-boxed elementor-section-height-default elementor-section-height-default\" data-id=\"bafe242\" data-element_type=\"section\">\n\t\t\t\t\t\t<div class=\"elementor-container elementor-column-gap-default\">\n\t\t\t\t\t\t\t<div class=\"elementor-row\">\n\t\t\t\t\t<div class=\"elementor-column elementor-col-50 elementor-top-column elementor-element elementor-element-89fc674\" data-id=\"89fc674\" data-element_type=\"column\">\n\t\t\t<div class=\"elementor-column-wrap elementor-element-populated\">\n\t\t\t\t\t\t\t<div class=\"elementor-widget-wrap\">\n\t\t\t\t\t\t<div class=\"elementor-element elementor-element-762a186 elementor-widget elementor-widget-image\" data-id=\"762a186\" data-element_type=\"widget\" data-widget_type=\"image.default\">\n\t\t\t\t<div class=\"elementor-widget-container\">\n\t\t\t\t\t\t\t\t<div class=\"elementor-image\">\n\t\t\t\t\t\t\t\t\t\t\t\t<img width=\"1024\" height=\"768\" src=\"https:\/\/www.tamaramilville.fr\/wp-content\/uploads\/2020\/07\/DSCN9373-1024x768.jpg\" class=\"attachment-large size-large\" alt=\"\" srcset=\"https:\/\/www.tamaramilville.fr\/wp-content\/uploads\/2020\/07\/DSCN9373-1024x768.jpg 1024w, https:\/\/www.tamaramilville.fr\/wp-content\/uploads\/2020\/07\/DSCN9373-300x225.jpg 300w, https:\/\/www.tamaramilville.fr\/wp-content\/uploads\/2020\/07\/DSCN9373-768x576.jpg 768w, https:\/\/www.tamaramilville.fr\/wp-content\/uploads\/2020\/07\/DSCN9373-1536x1152.jpg 1536w, https:\/\/www.tamaramilville.fr\/wp-content\/uploads\/2020\/07\/DSCN9373-2048x1536.jpg 2048w, https:\/\/www.tamaramilville.fr\/wp-content\/uploads\/2020\/07\/DSCN9373-scaled-e1632561454600.jpg 1280w\" sizes=\"(max-width: 1024px) 100vw, 1024px\" \/>\t\t\t\t\t\t\t\t\t\t\t\t\t\t<\/div>\n\t\t\t\t\t\t<\/div>\n\t\t\t\t<\/div>\n\t\t\t\t\t\t<\/div>\n\t\t\t\t\t<\/div>\n\t\t<\/div>\n\t\t\t\t<div class=\"elementor-column elementor-col-50 elementor-top-column elementor-element elementor-element-d7399fd\" data-id=\"d7399fd\" data-element_type=\"column\">\n\t\t\t<div class=\"elementor-column-wrap elementor-element-populated\">\n\t\t\t\t\t\t\t<div class=\"elementor-widget-wrap\">\n\t\t\t\t\t\t<div class=\"elementor-element elementor-element-8cb4cb4 elementor-widget elementor-widget-heading\" data-id=\"8cb4cb4\" data-element_type=\"widget\" data-widget_type=\"heading.default\">\n\t\t\t\t<div class=\"elementor-widget-container\">\n\t\t\t<h2 class=\"elementor-heading-title elementor-size-default\">Tamara MILVILLE<\/h2>\t\t<\/div>\n\t\t\t\t<\/div>\n\t\t\t\t<div class=\"elementor-element elementor-element-51a7052 elementor-widget elementor-widget-text-editor\" data-id=\"51a7052\" data-element_type=\"widget\" data-widget_type=\"text-editor.default\">\n\t\t\t\t<div class=\"elementor-widget-container\">\n\t\t\t\t\t\t\t\t<div class=\"elementor-text-editor elementor-clearfix\">\n\t\t\t\t<p>Naturaliste passionn\u00e9e, je suis titulaire d\u2019une maitrise en biologie des organismes et des populations et du BAFA sp\u00e9cialisation \u00ab\u00a0\u00e9tude des milieux naturels\u00a0\u00bb.<\/p><p>J&rsquo;ai \u00e9t\u00e9 enseignante pendant 8 ans. Aujourd&rsquo;hui je con\u00e7ois et anime des ateliers p\u00e9dagogiques et scientifiques dans des milieux naturels.<\/p>\t\t\t\t\t<\/div>\n\t\t\t\t\t\t<\/div>\n\t\t\t\t<\/div>\n\t\t\t\t<div class=\"elementor-element elementor-element-d2f5e1f elementor-widget elementor-widget-heading\" data-id=\"d2f5e1f\" data-element_type=\"widget\" data-widget_type=\"heading.default\">\n\t\t\t\t<div class=\"elementor-widget-container\">\n\t\t\t<h2 class=\"elementor-heading-title elementor-size-default\">Mes convictions<\/h2>\t\t<\/div>\n\t\t\t\t<\/div>\n\t\t\t\t<div class=\"elementor-element elementor-element-a83c869 elementor-widget elementor-widget-text-editor\" data-id=\"a83c869\" data-element_type=\"widget\" data-widget_type=\"text-editor.default\">\n\t\t\t\t<div class=\"elementor-widget-container\">\n\t\t\t\t\t\t\t\t<div class=\"elementor-text-editor elementor-clearfix\">\n\t\t\t\t<p>Les enfants aiment \u00eatre dehors, ils en ont besoin. Ils y d\u00e9veloppent des comp\u00e9tences physiques, sensorielles, cr\u00e9atives, langagi\u00e8res, math\u00e9matiques, scientifiques. Sortir en plein air est stimulant, motivant mais aussi apaisant et inspirant pour tous. Je vous invite \u00e0 construire ensemble une relation avec la nature qui nous entoure.<\/p>\t\t\t\t\t<\/div>\n\t\t\t\t\t\t<\/div>\n\t\t\t\t<\/div>\n\t\t\t\t<div class=\"elementor-element elementor-element-84c6822 elementor-align-center elementor-widget elementor-widget-button\" data-id=\"84c6822\" data-element_type=\"widget\" data-widget_type=\"button.default\">\n\t\t\t\t<div class=\"elementor-widget-container\">\n\t\t\t\t\t<div class=\"elementor-button-wrapper\">\n\t\t\t<a href=\"http:\/\/www.tamaramilville.fr\/wp-content\/uploads\/2020\/07\/CVPr\u00e9sentationEcole.pdf\" target=\"_blank\" class=\"elementor-button-link elementor-button elementor-size-sm\" role=\"button\">\n\t\t\t\t\t\t<span class=\"elementor-button-content-wrapper\">\n\t\t\t\t\t\t<span class=\"elementor-button-text\">Voir mon CV<\/span>\n\t\t<\/span>\n\t\t\t\t\t<\/a>\n\t\t<\/div>\n\t\t\t\t<\/div>\n\t\t\t\t<\/div>\n\t\t\t\t\t\t<\/div>\n\t\t\t\t\t<\/div>\n\t\t<\/div>\n\t\t\t\t\t\t\t\t<\/div>\n\t\t\t\t\t<\/div>\n\t\t<\/section>\n\t\t\t\t<section class=\"elementor-section elementor-top-section elementor-element elementor-element-2731d3e elementor-section-boxed elementor-section-height-default elementor-section-height-default\" data-id=\"2731d3e\" data-element_type=\"section\" data-settings=\"{&quot;background_background&quot;:&quot;classic&quot;}\">\n\t\t\t\t\t\t<div class=\"elementor-container elementor-column-gap-default\">\n\t\t\t\t\t\t\t<div class=\"elementor-row\">\n\t\t\t\t\t<div class=\"elementor-column elementor-col-100 elementor-top-column elementor-element elementor-element-ec051d9\" data-id=\"ec051d9\" data-element_type=\"column\">\n\t\t\t<div class=\"elementor-column-wrap elementor-element-populated\">\n\t\t\t\t\t\t\t<div class=\"elementor-widget-wrap\">\n\t\t\t\t\t\t<div class=\"elementor-element elementor-element-b603b44 elementor-widget elementor-widget-text-editor\" data-id=\"b603b44\" data-element_type=\"widget\" data-widget_type=\"text-editor.default\">\n\t\t\t\t<div class=\"elementor-widget-container\">\n\t\t\t\t\t\t\t\t<div class=\"elementor-text-editor elementor-clearfix\">\n\t\t\t\t<p><span style=\"font-size: 18pt;\">Contactez moi pour que nous construisions ensemble un projet adapt\u00e9 \u00e0 votre budget<\/span><\/p>\t\t\t\t\t<\/div>\n\t\t\t\t\t\t<\/div>\n\t\t\t\t<\/div>\n\t\t\t\t\t\t<\/div>\n\t\t\t\t\t<\/div>\n\t\t<\/div>\n\t\t\t\t\t\t\t\t<\/div>\n\t\t\t\t\t<\/div>\n\t\t<\/section>\n\t\t\t\t<section class=\"elementor-section elementor-top-section elementor-element elementor-element-6fcf8a9 elementor-section-boxed elementor-section-height-default elementor-section-height-default\" data-id=\"6fcf8a9\" data-element_type=\"section\">\n\t\t\t\t\t\t<div class=\"elementor-container elementor-column-gap-default\">\n\t\t\t\t\t\t\t<div class=\"elementor-row\">\n\t\t\t\t\t<div class=\"elementor-column elementor-col-100 elementor-top-column elementor-element elementor-element-1f95a56\" data-id=\"1f95a56\" data-element_type=\"column\">\n\t\t\t<div class=\"elementor-column-wrap elementor-element-populated\">\n\t\t\t\t\t\t\t<div class=\"elementor-widget-wrap\">\n\t\t\t\t\t\t<section class=\"elementor-section elementor-inner-section elementor-element elementor-element-d5aad4b elementor-section-height-min-height elementor-section-boxed elementor-section-height-default\" data-id=\"d5aad4b\" data-element_type=\"section\">\n\t\t\t\t\t\t<div class=\"elementor-container elementor-column-gap-default\">\n\t\t\t\t\t\t\t<div class=\"elementor-row\">\n\t\t\t\t\t<div class=\"elementor-column elementor-col-33 elementor-inner-column elementor-element elementor-element-78cae73\" data-id=\"78cae73\" data-element_type=\"column\">\n\t\t\t<div class=\"elementor-column-wrap elementor-element-populated\">\n\t\t\t\t\t\t\t<div class=\"elementor-widget-wrap\">\n\t\t\t\t\t\t<div class=\"elementor-element elementor-element-37bfc0d elementor-view-stacked elementor-shape-circle elementor-position-top elementor-vertical-align-top elementor-widget elementor-widget-icon-box\" data-id=\"37bfc0d\" data-element_type=\"widget\" data-widget_type=\"icon-box.default\">\n\t\t\t\t<div class=\"elementor-widget-container\">\n\t\t\t\t\t<div class=\"elementor-icon-box-wrapper\">\n\t\t\t\t\t\t<div class=\"elementor-icon-box-icon\">\n\t\t\t\t<span class=\"elementor-icon elementor-animation-\" >\n\t\t\t\t<i aria-hidden=\"true\" class=\"fas fa-phone\"><\/i>\t\t\t\t<\/span>\n\t\t\t<\/div>\n\t\t\t\t\t\t<div class=\"elementor-icon-box-content\">\n\t\t\t\t<h3 class=\"elementor-icon-box-title\">\n\t\t\t\t\t<span  >\n\t\t\t\t\t\tT\u00e9l\u00e9phone\t\t\t\t\t<\/span>\n\t\t\t\t<\/h3>\n\t\t\t\t\t\t\t\t\t<p class=\"elementor-icon-box-description\">\n\t\t\t\t\t\t06 95 77 65 36\t\t\t\t\t<\/p>\n\t\t\t\t\t\t\t<\/div>\n\t\t<\/div>\n\t\t\t\t<\/div>\n\t\t\t\t<\/div>\n\t\t\t\t\t\t<\/div>\n\t\t\t\t\t<\/div>\n\t\t<\/div>\n\t\t\t\t<div class=\"elementor-column elementor-col-33 elementor-inner-column elementor-element elementor-element-1d52df0\" data-id=\"1d52df0\" data-element_type=\"column\">\n\t\t\t<div class=\"elementor-column-wrap elementor-element-populated\">\n\t\t\t\t\t\t\t<div class=\"elementor-widget-wrap\">\n\t\t\t\t\t\t<div class=\"elementor-element elementor-element-3450618 elementor-widget elementor-widget-spacer\" data-id=\"3450618\" data-element_type=\"widget\" data-widget_type=\"spacer.default\">\n\t\t\t\t<div class=\"elementor-widget-container\">\n\t\t\t\t\t<div class=\"elementor-spacer\">\n\t\t\t<div class=\"elementor-spacer-inner\"><\/div>\n\t\t<\/div>\n\t\t\t\t<\/div>\n\t\t\t\t<\/div>\n\t\t\t\t<div class=\"elementor-element elementor-element-9cbe4db elementor-view-stacked elementor-shape-circle elementor-position-top elementor-vertical-align-top elementor-widget elementor-widget-icon-box\" data-id=\"9cbe4db\" data-element_type=\"widget\" data-widget_type=\"icon-box.default\">\n\t\t\t\t<div class=\"elementor-widget-container\">\n\t\t\t\t\t<div class=\"elementor-icon-box-wrapper\">\n\t\t\t\t\t\t<div class=\"elementor-icon-box-icon\">\n\t\t\t\t<span class=\"elementor-icon elementor-animation-\" >\n\t\t\t\t<i aria-hidden=\"true\" class=\"far fa-envelope\"><\/i>\t\t\t\t<\/span>\n\t\t\t<\/div>\n\t\t\t\t\t\t<div class=\"elementor-icon-box-content\">\n\t\t\t\t<h3 class=\"elementor-icon-box-title\">\n\t\t\t\t\t<span  >\n\t\t\t\t\t\tAdresse mail\t\t\t\t\t<\/span>\n\t\t\t\t<\/h3>\n\t\t\t\t\t\t\t\t\t<p class=\"elementor-icon-box-description\">\n\t\t\t\t\t\ttmlanature@mailo.com\t\t\t\t\t<\/p>\n\t\t\t\t\t\t\t<\/div>\n\t\t<\/div>\n\t\t\t\t<\/div>\n\t\t\t\t<\/div>\n\t\t\t\t<div class=\"elementor-element elementor-element-a2715e0 elementor-widget elementor-widget-spacer\" data-id=\"a2715e0\" data-element_type=\"widget\" data-widget_type=\"spacer.default\">\n\t\t\t\t<div class=\"elementor-widget-container\">\n\t\t\t\t\t<div class=\"elementor-spacer\">\n\t\t\t<div class=\"elementor-spacer-inner\"><\/div>\n\t\t<\/div>\n\t\t\t\t<\/div>\n\t\t\t\t<\/div>\n\t\t\t\t\t\t<\/div>\n\t\t\t\t\t<\/div>\n\t\t<\/div>\n\t\t\t\t<div class=\"elementor-column elementor-col-33 elementor-inner-column elementor-element elementor-element-60a9a11\" data-id=\"60a9a11\" data-element_type=\"column\">\n\t\t\t<div class=\"elementor-column-wrap elementor-element-populated\">\n\t\t\t\t\t\t\t<div class=\"elementor-widget-wrap\">\n\t\t\t\t\t\t<div class=\"elementor-element elementor-element-beb8459 elementor-widget elementor-widget-shortcode\" data-id=\"beb8459\" data-element_type=\"widget\" data-widget_type=\"shortcode.default\">\n\t\t\t\t<div class=\"elementor-widget-container\">\n\t\t\t\t\t<div class=\"elementor-shortcode\"><div role=\"form\" class=\"wpcf7\" id=\"wpcf7-f1999-o1\" lang=\"fr-FR\" dir=\"ltr\">\n<div class=\"screen-reader-response\"><p role=\"status\" aria-live=\"polite\" aria-atomic=\"true\"><\/p> <ul><\/ul><\/div>\n<form action=\"\/index.php\/wp-json\/wp\/v2\/pages\/1947#wpcf7-f1999-o1\" method=\"post\" class=\"wpcf7-form init\" novalidate=\"novalidate\" data-status=\"init\">\n<div style=\"display: none;\">\n<input type=\"hidden\" name=\"_wpcf7\" value=\"1999\" \/>\n<input type=\"hidden\" name=\"_wpcf7_version\" value=\"5.5.3\" \/>\n<input type=\"hidden\" name=\"_wpcf7_locale\" value=\"fr_FR\" \/>\n<input type=\"hidden\" name=\"_wpcf7_unit_tag\" value=\"wpcf7-f1999-o1\" \/>\n<input type=\"hidden\" name=\"_wpcf7_container_post\" value=\"0\" \/>\n<input type=\"hidden\" name=\"_wpcf7_posted_data_hash\" value=\"\" \/>\n<\/div>\n<p><label> Nom*<br \/>\n    <span class=\"wpcf7-form-control-wrap your-name\"><input type=\"text\" name=\"your-name\" value=\"\" size=\"40\" class=\"wpcf7-form-control wpcf7-text wpcf7-validates-as-required\" aria-required=\"true\" aria-invalid=\"false\" \/><\/span> <\/label><\/p>\n<p><label> Adresse mail*<br \/>\n    <span class=\"wpcf7-form-control-wrap your-email\"><input type=\"email\" name=\"your-email\" value=\"\" size=\"40\" class=\"wpcf7-form-control wpcf7-text wpcf7-email wpcf7-validates-as-required wpcf7-validates-as-email\" aria-required=\"true\" aria-invalid=\"false\" \/><\/span> <\/label><\/p>\n<p><label> Objet<br \/>\n    <span class=\"wpcf7-form-control-wrap your-subject\"><input type=\"text\" name=\"your-subject\" value=\"\" size=\"40\" class=\"wpcf7-form-control wpcf7-text\" aria-invalid=\"false\" \/><\/span> <\/label><\/p>\n<p><label> Message *<br \/>\n    <span class=\"wpcf7-form-control-wrap your-message\"><textarea name=\"your-message\" cols=\"40\" rows=\"10\" class=\"wpcf7-form-control wpcf7-textarea wpcf7-validates-as-required\" aria-required=\"true\" aria-invalid=\"false\"><\/textarea><\/span> <\/label><\/p>\n<p><input type=\"submit\" value=\"Envoyer\" class=\"wpcf7-form-control has-spinner wpcf7-submit\" \/><\/p>\n<div class=\"wpcf7-response-output\" aria-hidden=\"true\"><\/div><\/form><\/div><\/div>\n\t\t\t\t<\/div>\n\t\t\t\t<\/div>\n\t\t\t\t<div class=\"elementor-element elementor-element-db83a86 elementor-widget elementor-widget-spacer\" data-id=\"db83a86\" data-element_type=\"widget\" data-widget_type=\"spacer.default\">\n\t\t\t\t<div class=\"elementor-widget-container\">\n\t\t\t\t\t<div class=\"elementor-spacer\">\n\t\t\t<div class=\"elementor-spacer-inner\"><\/div>\n\t\t<\/div>\n\t\t\t\t<\/div>\n\t\t\t\t<\/div>\n\t\t\t\t\t\t<\/div>\n\t\t\t\t\t<\/div>\n\t\t<\/div>\n\t\t\t\t\t\t\t\t<\/div>\n\t\t\t\t\t<\/div>\n\t\t<\/section>\n\t\t\t\t\t\t<\/div>\n\t\t\t\t\t<\/div>\n\t\t<\/div>\n\t\t\t\t\t\t\t\t<\/div>\n\t\t\t\t\t<\/div>\n\t\t<\/section>\n\t\t\t\t\t\t<\/div>\n\t\t\t\t\t\t<\/div>\n\t\t\t\t\t<\/div>\n\t\t","protected":false},"excerpt":{"rendered":"<p>Tamara MILVILLE Naturaliste passionn\u00e9e, je suis titulaire d\u2019une maitrise en biologie des organismes et des populations et du BAFA sp\u00e9cialisation \u00ab\u00a0\u00e9tude des milieux naturels\u00a0\u00bb. J&rsquo;ai \u00e9t\u00e9 enseignante pendant 8 ans. Aujourd&rsquo;hui je con\u00e7ois et anime des ateliers p\u00e9dagogiques et scientifiques dans des milieux naturels. Mes convictions Les enfants aiment \u00eatre dehors, ils en ont besoin. [&hellip;]<\/p>\n","protected":false},"author":1,"featured_media":0,"parent":0,"menu_order":0,"comment_status":"closed","ping_status":"closed","template":"","meta":{"_monsterinsights_skip_tracking":false,"_monsterinsights_sitenote_active":false,"_monsterinsights_sitenote_note":"","_monsterinsights_sitenote_category":0},"yoast_head":"<!-- This site is optimized with the Yoast SEO plugin v17.8 - https:\/\/yoast.com\/wordpress\/plugins\/seo\/ -->\n<title>Qui suis-je ? - Tamara Milville<\/title>\n<meta name=\"description\" content=\"Naturaliste passionn\u00e9e, enseignante pendant 8 ans, je con\u00e7ois et anime des ateliers p\u00e9dagogiques et scientifiques dans des milieux naturels.\" \/>\n<meta name=\"robots\" content=\"index, follow, max-snippet:-1, max-image-preview:large, max-video-preview:-1\" \/>\n<link rel=\"canonical\" href=\"https:\/\/www.tamaramilville.fr\/index.php\/qui-suis-je\/\" \/>\n<meta property=\"og:locale\" content=\"fr_FR\" \/>\n<meta property=\"og:type\" content=\"article\" \/>\n<meta property=\"og:title\" content=\"Qui suis-je ? - Tamara Milville\" \/>\n<meta property=\"og:description\" content=\"Naturaliste passionn\u00e9e, enseignante pendant 8 ans, je con\u00e7ois et anime des ateliers p\u00e9dagogiques et scientifiques dans des milieux naturels.\" \/>\n<meta property=\"og:url\" content=\"https:\/\/www.tamaramilville.fr\/index.php\/qui-suis-je\/\" \/>\n<meta property=\"og:site_name\" content=\"Tamara Milville\" \/>\n<meta property=\"article:modified_time\" content=\"2020-08-19T16:18:28+00:00\" \/>\n<meta property=\"og:image\" content=\"http:\/\/www.tamaramilville.fr\/wp-content\/uploads\/2020\/07\/DSCN9373-1024x768.jpg\" \/>\n<meta name=\"twitter:card\" content=\"summary_large_image\" \/>\n<meta name=\"twitter:label1\" content=\"Dur\u00e9e de lecture estim\u00e9e\" \/>\n\t<meta name=\"twitter:data1\" content=\"1 minute\" \/>\n<script type=\"application\/ld+json\" class=\"yoast-schema-graph\">{\"@context\":\"https:\/\/schema.org\",\"@graph\":[{\"@type\":\"WebSite\",\"@id\":\"http:\/\/www.tamaramilville.fr\/#website\",\"url\":\"http:\/\/www.tamaramilville.fr\/\",\"name\":\"Tamara Milville\",\"description\":\"\",\"potentialAction\":[{\"@type\":\"SearchAction\",\"target\":{\"@type\":\"EntryPoint\",\"urlTemplate\":\"http:\/\/www.tamaramilville.fr\/?s={search_term_string}\"},\"query-input\":\"required name=search_term_string\"}],\"inLanguage\":\"fr-FR\"},{\"@type\":\"ImageObject\",\"@id\":\"https:\/\/www.tamaramilville.fr\/index.php\/qui-suis-je\/#primaryimage\",\"inLanguage\":\"fr-FR\",\"url\":\"http:\/\/www.tamaramilville.fr\/wp-content\/uploads\/2020\/07\/DSCN9373-1024x768.jpg\",\"contentUrl\":\"http:\/\/www.tamaramilville.fr\/wp-content\/uploads\/2020\/07\/DSCN9373-1024x768.jpg\"},{\"@type\":\"WebPage\",\"@id\":\"https:\/\/www.tamaramilville.fr\/index.php\/qui-suis-je\/#webpage\",\"url\":\"https:\/\/www.tamaramilville.fr\/index.php\/qui-suis-je\/\",\"name\":\"Qui suis-je ? - Tamara Milville\",\"isPartOf\":{\"@id\":\"http:\/\/www.tamaramilville.fr\/#website\"},\"primaryImageOfPage\":{\"@id\":\"https:\/\/www.tamaramilville.fr\/index.php\/qui-suis-je\/#primaryimage\"},\"datePublished\":\"2020-07-02T11:52:10+00:00\",\"dateModified\":\"2020-08-19T16:18:28+00:00\",\"description\":\"Naturaliste passionn\\u00e9e, enseignante pendant 8 ans, je con\\u00e7ois et anime des ateliers p\\u00e9dagogiques et scientifiques dans des milieux naturels.\",\"breadcrumb\":{\"@id\":\"https:\/\/www.tamaramilville.fr\/index.php\/qui-suis-je\/#breadcrumb\"},\"inLanguage\":\"fr-FR\",\"potentialAction\":[{\"@type\":\"ReadAction\",\"target\":[\"https:\/\/www.tamaramilville.fr\/index.php\/qui-suis-je\/\"]}]},{\"@type\":\"BreadcrumbList\",\"@id\":\"https:\/\/www.tamaramilville.fr\/index.php\/qui-suis-je\/#breadcrumb\",\"itemListElement\":[{\"@type\":\"ListItem\",\"position\":1,\"name\":\"Accueil\",\"item\":\"https:\/\/www.tamaramilville.fr\/\"},{\"@type\":\"ListItem\",\"position\":2,\"name\":\"Qui suis-je ?\"}]}]}<\/script>\n<!-- \/ Yoast SEO plugin. -->","yoast_head_json":{"title":"Qui suis-je ? - Tamara Milville","description":"Naturaliste passionn\u00e9e, enseignante pendant 8 ans, je con\u00e7ois et anime des ateliers p\u00e9dagogiques et scientifiques dans des milieux naturels.","robots":{"index":"index","follow":"follow","max-snippet":"max-snippet:-1","max-image-preview":"max-image-preview:large","max-video-preview":"max-video-preview:-1"},"canonical":"https:\/\/www.tamaramilville.fr\/index.php\/qui-suis-je\/","og_locale":"fr_FR","og_type":"article","og_title":"Qui suis-je ? - Tamara Milville","og_description":"Naturaliste passionn\u00e9e, enseignante pendant 8 ans, je con\u00e7ois et anime des ateliers p\u00e9dagogiques et scientifiques dans des milieux naturels.","og_url":"https:\/\/www.tamaramilville.fr\/index.php\/qui-suis-je\/","og_site_name":"Tamara Milville","article_modified_time":"2020-08-19T16:18:28+00:00","og_image":[{"url":"http:\/\/www.tamaramilville.fr\/wp-content\/uploads\/2020\/07\/DSCN9373-1024x768.jpg"}],"twitter_card":"summary_large_image","twitter_misc":{"Dur\u00e9e de lecture estim\u00e9e":"1 minute"},"schema":{"@context":"https:\/\/schema.org","@graph":[{"@type":"WebSite","@id":"http:\/\/www.tamaramilville.fr\/#website","url":"http:\/\/www.tamaramilville.fr\/","name":"Tamara Milville","description":"","potentialAction":[{"@type":"SearchAction","target":{"@type":"EntryPoint","urlTemplate":"http:\/\/www.tamaramilville.fr\/?s={search_term_string}"},"query-input":"required name=search_term_string"}],"inLanguage":"fr-FR"},{"@type":"ImageObject","@id":"https:\/\/www.tamaramilville.fr\/index.php\/qui-suis-je\/#primaryimage","inLanguage":"fr-FR","url":"http:\/\/www.tamaramilville.fr\/wp-content\/uploads\/2020\/07\/DSCN9373-1024x768.jpg","contentUrl":"http:\/\/www.tamaramilville.fr\/wp-content\/uploads\/2020\/07\/DSCN9373-1024x768.jpg"},{"@type":"WebPage","@id":"https:\/\/www.tamaramilville.fr\/index.php\/qui-suis-je\/#webpage","url":"https:\/\/www.tamaramilville.fr\/index.php\/qui-suis-je\/","name":"Qui suis-je ? - Tamara Milville","isPartOf":{"@id":"http:\/\/www.tamaramilville.fr\/#website"},"primaryImageOfPage":{"@id":"https:\/\/www.tamaramilville.fr\/index.php\/qui-suis-je\/#primaryimage"},"datePublished":"2020-07-02T11:52:10+00:00","dateModified":"2020-08-19T16:18:28+00:00","description":"Naturaliste passionn\u00e9e, enseignante pendant 8 ans, je con\u00e7ois et anime des ateliers p\u00e9dagogiques et scientifiques dans des milieux naturels.","breadcrumb":{"@id":"https:\/\/www.tamaramilville.fr\/index.php\/qui-suis-je\/#breadcrumb"},"inLanguage":"fr-FR","potentialAction":[{"@type":"ReadAction","target":["https:\/\/www.tamaramilville.fr\/index.php\/qui-suis-je\/"]}]},{"@type":"BreadcrumbList","@id":"https:\/\/www.tamaramilville.fr\/index.php\/qui-suis-je\/#breadcrumb","itemListElement":[{"@type":"ListItem","position":1,"name":"Accueil","item":"https:\/\/www.tamaramilville.fr\/"},{"@type":"ListItem","position":2,"name":"Qui suis-je ?"}]}]}},"_links":{"self":[{"href":"https:\/\/www.tamaramilville.fr\/index.php\/wp-json\/wp\/v2\/pages\/1947"}],"collection":[{"href":"https:\/\/www.tamaramilville.fr\/index.php\/wp-json\/wp\/v2\/pages"}],"about":[{"href":"https:\/\/www.tamaramilville.fr\/index.php\/wp-json\/wp\/v2\/types\/page"}],"author":[{"embeddable":true,"href":"https:\/\/www.tamaramilville.fr\/index.php\/wp-json\/wp\/v2\/users\/1"}],"replies":[{"embeddable":true,"href":"https:\/\/www.tamaramilville.fr\/index.php\/wp-json\/wp\/v2\/comments?post=1947"}],"version-history":[{"count":15,"href":"https:\/\/www.tamaramilville.fr\/index.php\/wp-json\/wp\/v2\/pages\/1947\/revisions"}],"predecessor-version":[{"id":2113,"href":"https:\/\/www.tamaramilville.fr\/index.php\/wp-json\/wp\/v2\/pages\/1947\/revisions\/2113"}],"wp:attachment":[{"href":"https:\/\/www.tamaramilville.fr\/index.php\/wp-json\/wp\/v2\/media?parent=1947"}],"curies":[{"name":"wp","href":"https:\/\/api.w.org\/{rel}","templated":true}]}}